{"id":240,"date":"2025-06-09T12:08:17","date_gmt":"2025-06-09T12:08:17","guid":{"rendered":"https:\/\/hib-japan.com\/?page_id=240"},"modified":"2026-03-23T17:25:11","modified_gmt":"2026-03-23T10:25:11","slug":"gioi-thieu","status":"publish","type":"page","link":"https:\/\/hib-japan.com\/vi\/gioi-thieu\/","title":{"rendered":"Gi\u1edbi thi\u1ec7u"},"content":{"rendered":"<div id=\"gap-2140306749\" class=\"gap-element clearfix\" style=\"display:block; height:auto;\">\n\t\t\n<style>\n#gap-2140306749 {\n  padding-top: 50px;\n}\n<\/style>\n\t<\/div>\n\t\n\t<section class=\"section\" id=\"section_1065953806\">\n\t\t<div class=\"bg section-bg fill bg-fill  bg-loaded\" >\n\n\t\t\t\n\t\t\t\n\t\t\t\n\n\t\t<\/div>\n\n\t\t\n\n\t\t<div class=\"section-content relative\">\n\t\t\t\n<div class=\"row\"  id=\"row-1500253598\">\n\n\t<div id=\"col-1448073132\" class=\"col no-padding-bottom small-12 large-12\"  >\n\t\t\t\t<div class=\"col-inner\"  >\n\t\t\t\n\t\t\t\n    <div class=\"hib-profile-container\">\n        <div class=\"hib-profile-main-grid\">\n            <div class=\"hib-profile-image-wrapper\">\n                <img decoding=\"async\" src=\"https:\/\/hib-japan.com\/wp-content\/uploads\/2025\/06\/hibconsultingjapan.com-fpt1.jpg\" alt=\"Company Image\" class=\"hib-profile-company-image\" title=\"\">\n                <div class=\"hib-profile-decorative-circle-1\"><\/div>\n                <div class=\"hib-profile-decorative-circle-2\"><\/div>\n            <\/div>\n            <div class=\"hib-profile-content-wrapper\">\n                <div class=\"hib-profile-section-badge\">\n                    V\u1ec1 ch\u00fang t\u00f4i                <\/div>\n                <h2 class=\"section-title b-title\" style=\"justify-content: flex-start;\">C\u00f4ng Ty TNHH T\u01b0 V\u1ea5n HIB<\/h2>\n                <div class=\"hib-profile-description-text\">\n                    Ch\u00fang t\u00f4i \u0111\u00e3 t\u00edch l\u0169y nhi\u1ec1u kinh nghi\u1ec7m th\u00f4ng qua vi\u1ec7c nh\u1eadn v\u00e0 tri\u1ec3n khai c\u00e1c d\u1ef1 \u00e1n quy m\u00f4 l\u1edbn t\u1eeb c\u00e1c c\u01a1 quan ch\u00ednh ph\u1ee7 Nh\u1eadt B\u1ea3n, c\u00e1c t\u1eadp \u0111o\u00e0n l\u1edbn c\u1ee7a Nh\u1eadt, c\u0169ng nh\u01b0 t\u1eeb c\u00e1c c\u01a1 quan ch\u00ednh ph\u1ee7 Vi\u1ec7t Nam. Trong t\u01b0\u01a1ng lai, n\u1ebfu Qu\u00fd v\u1ecb \u0111ang c\u00f3 k\u1ebf ho\u1ea1ch m\u1edf r\u1ed9ng kinh doanh t\u1ea1i Vi\u1ec7t Nam, r\u1ea5t mong Qu\u00fd v\u1ecb s\u1ebd li\u00ean h\u1ec7 v\u1edbi HIB tr\u01b0\u1edbc ti\u00ean \u0111\u1ec3 \u0111\u01b0\u1ee3c t\u01b0 v\u1ea5n.<br \/>\nCh\u00fang t\u00f4i cung c\u1ea5p ngu\u1ed3n nh\u00e2n l\u1ef1c n\u01b0\u1edbc ngo\u00e0i \u01b0u t\u00fa \u0111\u1ec3 h\u1ed7 tr\u1ee3 ho\u1ea1t \u0111\u1ed9ng kinh doanh c\u1ee7a Qu\u00fd kh\u00e1ch v\u00e0 \u0111\u1ed3ng h\u00e0nh c\u00f9ng s\u1ef1 ph\u00e1t tri\u1ec3n c\u1ee7a Qu\u00fd c\u00f4ng ty.                <\/div>\n                <div class=\"hib-profile-features-grid\">\n                    <div class=\"hib-profile-feature-card\">\n                        <div class=\"hib-profile-feature-icon\">\n                                                            <img decoding=\"async\" src=\"https:\/\/hib-japan.com\/wp-content\/uploads\/2025\/06\/Vector.png\" alt=\"Feature 1 Icon\" title=\"\">\n                                                    <\/div>\n                        <div class=\"hib-profile-feature-description\">\n                            Th\u00fac \u0111\u1ea9y quan h\u1ec7 kinh t\u1ebf v\u00e0 kinh doanh gi\u1eefa Nh\u1eadt B\u1ea3n v\u00e0 Vi\u1ec7t Nam                        <\/div>\n                    <\/div>\n                    <div class=\"hib-profile-feature-card\">\n                        <div class=\"hib-profile-feature-icon\">\n                                                            <img decoding=\"async\" src=\"https:\/\/hib-japan.com\/wp-content\/uploads\/2025\/06\/Vector-1.png\" alt=\"Feature 2 Icon\" title=\"\">\n                                                    <\/div>\n                        <div class=\"hib-profile-feature-description\">\n                            N\u00e2ng cao ch\u1ea5t l\u01b0\u1ee3ng cu\u1ed9c s\u1ed1ng cho ngu\u1ed3n nh\u00e2n l\u1ef1c n\u01b0\u1edbc ngo\u00e0i \u0111ang sinh s\u1ed1ng t\u1ea1i Nh\u1eadt B\u1ea3n                        <\/div>\n                    <\/div>\n                <\/div>\n                <div class=\"hib-profile-cta-wrapper\">\n                    <div class=\"hib-profile-ceo-info\">\n                        <div class=\"hib-profile-ceo-avatar\">\n                            <img decoding=\"async\" src=\"https:\/\/hib-japan.com\/wp-content\/uploads\/2025\/06\/HIB\u30d7\u30ed\u30d5\u30a1\u30a4\u30eb.webp\" alt=\"CEO\" title=\"\">\n                        <\/div>\n                        <div class=\"hib-profile-ceo-details\">\n                            <h4>NGUY\u1ec4N TR\u00cd H\u1ea2I<\/h4>\n                            <p>Ng\u01b0\u1eddi s\u00e1ng l\u1eadp<\/p>\n                        <\/div>\n                    <\/div>\n                    <a href=\"https:\/\/hib-japan.com\/wp-content\/uploads\/2025\/06\/HIB-Profile_compressed.pdf\" class=\"hib-profile-cta-btn\">\n                        <span>Gi\u1edbi thi\u1ec7u<\/span>\n                    <\/a>\n                <\/div>\n\n            <\/div>\n        <\/div>\n    <\/div>\n\n\t\t<\/div>\n\t\t\t\t\t<\/div>\n\n\t\n<\/div>\n\t\t<\/div>\n\n\t\t\n<style>\n#section_1065953806 {\n  padding-top: 0px;\n  padding-bottom: 0px;\n}\n<\/style>\n\t<\/section>\n\t\n\t<div id=\"gap-1322895917\" class=\"gap-element clearfix\" style=\"display:block; height:auto;\">\n\t\t\n<style>\n#gap-1322895917 {\n  padding-top: 50px;\n}\n<\/style>\n\t<\/div>\n\t\n\t<section class=\"section\" id=\"section_1883237712\">\n\t\t<div class=\"bg section-bg fill bg-fill  bg-loaded\" >\n\n\t\t\t\n\t\t\t\n\t\t\t\n\n\t\t<\/div>\n\n\t\t\n\n\t\t<div class=\"section-content relative\">\n\t\t\t\n<div class=\"row\"  id=\"row-1217067803\">\n\n\t<div id=\"col-214911045\" class=\"col medium-5 small-12 large-3\"  >\n\t\t\t\t<div class=\"col-inner text-center\"  >\n\t\t\t\n\t\t\t\n\t<div class=\"img has-hover x md-x lg-x y md-y lg-y\" id=\"image_1792256685\">\n\t\t\t\t\t\t\t\t<div class=\"img-inner dark\" >\n\t\t\t<img loading=\"lazy\" decoding=\"async\" width=\"1015\" height=\"1015\" src=\"https:\/\/hib-japan.com\/wp-content\/uploads\/2025\/06\/HIB-Profile-Final-2.webp\" class=\"attachment-original size-original\" alt=\"\" srcset=\"https:\/\/hib-japan.com\/wp-content\/uploads\/2025\/06\/HIB-Profile-Final-2.webp 1015w, https:\/\/hib-japan.com\/wp-content\/uploads\/2025\/06\/HIB-Profile-Final-2-300x300.webp 300w, https:\/\/hib-japan.com\/wp-content\/uploads\/2025\/06\/HIB-Profile-Final-2-150x150.webp 150w, https:\/\/hib-japan.com\/wp-content\/uploads\/2025\/06\/HIB-Profile-Final-2-768x768.webp 768w\" sizes=\"auto, (max-width: 1015px) 100vw, 1015px\" title=\"\">\t\t\t\t\t\t\n\t\t\t\t\t<\/div>\n\t\t\t\t\t\t\t\t\n<style>\n#image_1792256685 {\n  width: 90%;\n}\n@media (min-width:550px) {\n  #image_1792256685 {\n    width: 100%;\n  }\n}\n@media (min-width:850px) {\n  #image_1792256685 {\n    width: 90%;\n  }\n}\n<\/style>\n\t<\/div>\n\t\n\t<div class=\"img has-hover hide-for-small x md-x lg-x y md-y lg-y\" id=\"image_730741325\">\n\t\t\t\t\t\t\t\t<div class=\"img-inner dark\" >\n\t\t\t<img loading=\"lazy\" decoding=\"async\" width=\"1019\" height=\"1021\" src=\"https:\/\/hib-japan.com\/wp-content\/uploads\/2025\/06\/HIB-Profile-Final-1.webp\" class=\"attachment-original size-original\" alt=\"\" srcset=\"https:\/\/hib-japan.com\/wp-content\/uploads\/2025\/06\/HIB-Profile-Final-1.webp 1019w, https:\/\/hib-japan.com\/wp-content\/uploads\/2025\/06\/HIB-Profile-Final-1-300x300.webp 300w, https:\/\/hib-japan.com\/wp-content\/uploads\/2025\/06\/HIB-Profile-Final-1-150x150.webp 150w, https:\/\/hib-japan.com\/wp-content\/uploads\/2025\/06\/HIB-Profile-Final-1-768x770.webp 768w\" sizes=\"auto, (max-width: 1019px) 100vw, 1019px\" title=\"\">\t\t\t\t\t\t\n\t\t\t\t\t<\/div>\n\t\t\t\t\t\t\t\t\n<style>\n#image_730741325 {\n  width: 100%;\n}\n@media (min-width:850px) {\n  #image_730741325 {\n    width: 90%;\n  }\n}\n<\/style>\n\t<\/div>\n\t\n\t\t<\/div>\n\t\t\t\t\t<\/div>\n\n\t\n\n\t<div id=\"col-1884061227\" class=\"col medium-7 small-12 large-9\"  >\n\t\t\t\t<div class=\"col-inner\"  >\n\t\t\t\n\t\t\t\n<h2 style=\"font-size: 30px;\">Th\u00f4ng \u0111i\u1ec7p t\u1eeb nh\u00e0 s\u00e1ng l\u1eadp<\/h2>\n<p style=\"text-align: justify;\">K\u1ec3 t\u1eeb l\u1ea7n \u0111\u1ea7u ti\u00ean \u0111\u1eb7t ch\u00e2n \u0111\u1ebfn Nh\u1eadt B\u1ea3n v\u00e0o n\u0103m 2005, th\u1ebf gi\u1edbi quan v\u00e0 h\u1ec7 gi\u00e1 tr\u1ecb c\u1ee7a t\u00f4i \u0111\u00e3 thay \u0111\u1ed5i s\u00e2u s\u1eafc. Nh\u1eadt B\u1ea3n l\u00e0 m\u1ed9t \u0111\u1ea5t n\u01b0\u1edbc tuy\u1ec7t v\u1eddi \u0111\u00e3 l\u00e0m thay \u0111\u1ed5i cu\u1ed9c \u0111\u1eddi t\u00f4i m\u1ed9t c\u00e1ch ngo\u1ea1n m\u1ee5c, v\u00e0 c\u00f3 th\u1ec3 n\u00f3i kh\u00f4ng ngoa r\u1eb1ng \u0111\u00e2y ch\u00ednh l\u00e0 qu\u00ea h\u01b0\u01a1ng th\u1ee9 hai c\u1ee7a t\u00f4i. V\u1edbi t\u00ecnh c\u1ea3m s\u00e2u s\u1eafc d\u00e0nh cho \u0111\u1ea5t n\u01b0\u1edbc n\u00e0y, t\u00f4i lu\u00f4n mang trong m\u00ecnh kh\u00e1t v\u1ecdng \u0111\u01b0\u1ee3c \u0111\u00f3ng g\u00f3p v\u00e0o s\u1ef1 ph\u00e1t tri\u1ec3n chung c\u1ee7a c\u1ea3 Vi\u1ec7t Nam v\u00e0 Nh\u1eadt B\u1ea3n theo c\u00e1ch ri\u00eang c\u1ee7a m\u00ecnh. Ch\u00ednh t\u1eeb suy ngh\u0129 \u1ea5y, t\u00f4i \u0111\u00e3 kh\u00f4ng ng\u1eebng n\u1ed7 l\u1ef1c v\u00e0 th\u1ef1c hi\u1ec7n nhi\u1ec1u ho\u1ea1t \u0111\u1ed9ng cho \u0111\u1ebfn ng\u00e0y h\u00f4m nay.<\/p>\n<p style=\"text-align: justify;\">Ngay t\u1eeb th\u1eddi sinh vi\u00ean, t\u00f4i \u0111\u00e3 n\u1ed7 l\u1ef1c \u0111\u00f3ng g\u00f3p v\u00e0o s\u1ef1 ph\u00e1t tri\u1ec3n kinh t\u1ebf Nh\u1eadt \u2013 Vi\u1ec7t th\u00f4ng qua vi\u1ec7c h\u1ed7 tr\u1ee3 c\u00e1c doanh nghi\u1ec7p Nh\u1eadt B\u1ea3n m\u1edf r\u1ed9ng sang th\u1ecb tr\u01b0\u1eddng Vi\u1ec7t Nam c\u0169ng nh\u01b0 th\u00fac \u0111\u1ea9y h\u1ee3p t\u00e1c gi\u1eefa doanh nghi\u1ec7p hai n\u01b0\u1edbc. Trong su\u1ed1t qu\u00e1 tr\u00ecnh \u0111\u00f3, t\u00f4i \u0111\u00e3 t\u01b0 v\u1ea5n cho c\u00e1c c\u00f4ng ty Nh\u1eadt trong nhi\u1ec1u l\u0129nh v\u1ef1c kh\u00e1c nhau nh\u01b0 n\u0103ng l\u01b0\u1ee3ng, m\u00f4i tr\u01b0\u1eddng, CNTT, l\u00e2m nghi\u1ec7p, n\u00f4ng nghi\u1ec7p, ngu\u1ed3n nh\u00e2n l\u1ef1c, \u0111\u00f4 th\u1ecb th\u00f4ng minh v\u00e0 gi\u00e1o d\u1ee5c, th\u00f4ng qua c\u00e1c d\u1ecbch v\u1ee5 nh\u01b0 nghi\u00ean c\u1ee9u th\u1ecb tr\u01b0\u1eddng Vi\u1ec7t Nam, x\u00e2y d\u1ef1ng chi\u1ebfn l\u01b0\u1ee3c \u0111\u1ea7u t\u01b0, v\u00e0 t\u01b0 v\u1ea5n M&amp;A. Nh\u1edd \u0111\u00f3, t\u00f4i \u0111\u00e3 g\u00f3p ph\u1ea7n d\u1eabn d\u1eaft th\u00e0nh c\u00f4ng nhi\u1ec1u doanh nghi\u1ec7p Nh\u1eadt B\u1ea3n trong h\u00e0nh tr\u00ecnh m\u1edf r\u1ed9ng sang Vi\u1ec7t Nam.<\/p>\n<p style=\"text-align: justify;\">Hi\u1ec7n nay, HIB \u0111ang theo \u0111u\u1ed5i hai t\u1ea7m nh\u00ecn ch\u00ednh: \u201cTh\u00fac \u0111\u1ea9y quan h\u1ec7 kinh t\u1ebf v\u00e0 kinh doanh gi\u1eefa Nh\u1eadt B\u1ea3n v\u00e0 Vi\u1ec7t Nam\u201d v\u00e0 \u201cC\u1ea3i thi\u1ec7n ch\u1ea5t l\u01b0\u1ee3ng cu\u1ed9c s\u1ed1ng cho ng\u01b0\u1eddi lao \u0111\u1ed9ng n\u01b0\u1edbc ngo\u00e0i \u0111ang sinh s\u1ed1ng t\u1ea1i Nh\u1eadt B\u1ea3n\u201d. K\u1ec3 t\u1eeb khi th\u00e0nh l\u1eadp, c\u00f4ng ty kh\u00f4ng ng\u1eebng t\u0103ng tr\u01b0\u1edfng qua t\u1eebng n\u0103m, \u0111\u1ed3ng th\u1eddi t\u00edch l\u0169y kinh nghi\u1ec7m chuy\u00ean m\u00f4n th\u00f4ng qua vi\u1ec7c th\u1ef1c hi\u1ec7n nhi\u1ec1u d\u1ef1 \u00e1n quy m\u00f4 l\u1edbn do c\u00e1c c\u01a1 quan ch\u00ednh ph\u1ee7 Nh\u1eadt B\u1ea3n, c\u00e1c t\u1eadp \u0111o\u00e0n l\u1edbn c\u1ee7a Nh\u1eadt v\u00e0 c\u1ea3 c\u01a1 quan ch\u00ednh ph\u1ee7 Vi\u1ec7t Nam \u1ee7y th\u00e1c.<\/p>\n<p style=\"text-align: justify;\">Trong th\u1eddi gian t\u1edbi, n\u1ebfu Qu\u00fd v\u1ecb \u0111ang c\u00e2n nh\u1eafc m\u1edf r\u1ed9ng ho\u1ea1t \u0111\u1ed9ng kinh doanh t\u1ea1i Vi\u1ec7t Nam, ch\u00fang t\u00f4i r\u1ea5t mong \u0111\u01b0\u1ee3c tr\u1edf th\u00e0nh \u0111\u1ed1i t\u00e1c t\u01b0 v\u1ea5n \u0111\u1ea7u ti\u00ean m\u00e0 Qu\u00fd v\u1ecb l\u1ef1a ch\u1ecdn. B\u00ean c\u1ea1nh \u0111\u00f3, HIB c\u0169ng cung c\u1ea5p d\u1ecbch v\u1ee5 gi\u1edbi thi\u1ec7u \u0111a d\u1ea1ng ngu\u1ed3n nh\u00e2n l\u1ef1c n\u01b0\u1edbc ngo\u00e0i \u0111ang sinh s\u1ed1ng t\u1ea1i Nh\u1eadt B\u1ea3n, nh\u1eb1m gi\u00fap Qu\u00fd doanh nghi\u1ec7p t\u00ecm \u0111\u01b0\u1ee3c nh\u1eefng \u1ee9ng vi\u00ean ph\u00f9 h\u1ee3p v\u1edbi nhu c\u1ea7u tuy\u1ec3n d\u1ee5ng. Ch\u00fang t\u00f4i cam k\u1ebft cung c\u1ea5p ngu\u1ed3n nh\u00e2n l\u1ef1c qu\u1ed1c t\u1ebf ch\u1ea5t l\u01b0\u1ee3ng cao \u0111\u1ec3 \u0111\u1ed3ng h\u00e0nh c\u00f9ng s\u1ef1 ph\u00e1t tri\u1ec3n b\u1ec1n v\u1eefng c\u1ee7a Qu\u00fd c\u00f4ng ty.<\/p>\n\t<div class=\"img has-hover x md-x lg-x y md-y lg-y\" id=\"image_1698403261\">\n\t\t\t\t\t\t\t\t<div class=\"img-inner dark\" >\n\t\t\t<img loading=\"lazy\" decoding=\"async\" width=\"2560\" height=\"559\" src=\"https:\/\/hib-japan.com\/wp-content\/uploads\/2025\/06\/HIB-Profile-Final-scaled.webp\" class=\"attachment-original size-original\" alt=\"\" srcset=\"https:\/\/hib-japan.com\/wp-content\/uploads\/2025\/06\/HIB-Profile-Final-scaled.webp 2560w, https:\/\/hib-japan.com\/wp-content\/uploads\/2025\/06\/HIB-Profile-Final-300x65.webp 300w, https:\/\/hib-japan.com\/wp-content\/uploads\/2025\/06\/HIB-Profile-Final-1024x223.webp 1024w, https:\/\/hib-japan.com\/wp-content\/uploads\/2025\/06\/HIB-Profile-Final-768x168.webp 768w, https:\/\/hib-japan.com\/wp-content\/uploads\/2025\/06\/HIB-Profile-Final-1536x335.webp 1536w, https:\/\/hib-japan.com\/wp-content\/uploads\/2025\/06\/HIB-Profile-Final-2048x447.webp 2048w\" sizes=\"auto, (max-width: 2560px) 100vw, 2560px\" title=\"\">\t\t\t\t\t\t\n\t\t\t\t\t<\/div>\n\t\t\t\t\t\t\t\t\n<style>\n#image_1698403261 {\n  width: 100%;\n}\n@media (min-width:550px) {\n  #image_1698403261 {\n    width: 100%;\n  }\n}\n@media (min-width:850px) {\n  #image_1698403261 {\n    width: 70%;\n  }\n}\n<\/style>\n\t<\/div>\n\t\n\t\t<\/div>\n\t\t\t\t\t<\/div>\n\n\t\n<\/div>\n\t\t<\/div>\n\n\t\t\n<style>\n#section_1883237712 {\n  padding-top: 0px;\n  padding-bottom: 0px;\n}\n<\/style>\n\t<\/section>\n\t\n\t<section class=\"section\" id=\"section_993532721\">\n\t\t<div class=\"bg section-bg fill bg-fill  bg-loaded\" >\n\n\t\t\t\n\t\t\t\n\t\t\t\n\n\t\t<\/div>\n\n\t\t\n\n\t\t<div class=\"section-content relative\">\n\t\t\t\n<div class=\"row align-center\"  id=\"row-171078463\">\n\n\t<div id=\"col-1773215528\" class=\"col medium-12 small-12 large-12\"  >\n\t\t\t\t<div class=\"col-inner\"  >\n\t\t\t\n\t\t\t\n\t<div id=\"text-819731562\" class=\"text\">\n\t\t\n<h2>Gi\u1edbi thi\u1ec7u<\/h2>\n\t\t\n<style>\n#text-819731562 {\n  font-size: 1.5rem;\n  text-align: center;\n}\n<\/style>\n\t<\/div>\n\t\n\t\t<\/div>\n\t\t\t\t\t<\/div>\n\n\t\n\n\t<div id=\"col-1532689379\" class=\"col medium-6 small-12 large-5\"  >\n\t\t\t\t<div class=\"col-inner\"  >\n\t\t\t\n\t\t\t\n\t<div id=\"text-2718341781\" class=\"text\">\n\t\t\n<ul>\n<li><strong>T\u00ean c\u00f4ng ty: <\/strong>C\u00f4ng Ty TNHH T\u01b0 V\u1ea5n HIB<\/li>\n<li><strong>T\u00ean c\u00f4ng ty (ti\u1ebfng Anh): <\/strong>HIB Consulting Co., Ltd.(HIB.JSC)<\/li>\n<li><strong>Tr\u1ee5 s\u1edf ch\u00ednh:<\/strong> S\u1ed1 6-7, ph\u1ed1 Tepp\u014d, qu\u1eadn Naka, th\u00e0nh ph\u1ed1 Hiroshima, t\u1ec9nh Hiroshima, Nh\u1eadt B\u1ea3n<\/li>\n<li><strong>S\u1ed1 \u0111i\u1ec7n tho\u1ea1i<\/strong>\uff1a0829-099-232<\/li>\n<\/ul>\n\t\t\n<style>\n#text-2718341781 {\n  font-size: 1rem;\n  text-align: left;\n}\n<\/style>\n\t<\/div>\n\t\n\t\t<\/div>\n\t\t\t\t\t<\/div>\n\n\t\n\n\t<div id=\"col-517590049\" class=\"col medium-6 small-12 large-6\"  >\n\t\t\t\t<div class=\"col-inner\"  >\n\t\t\t\n\t\t\t\n\t<div id=\"text-2719378539\" class=\"text\">\n\t\t\n<ul>\n<li><strong>Chi nh\u00e1nh t\u1ea1i Vi\u1ec7t Nam<\/strong><\/li>\n<li><strong>Chi nh\u00e1nh H\u00e0 N\u1ed9i:<\/strong>C01-83 Hao Nam, qu\u1eadn \u0110\u1ed1ng \u0110a, H\u00e0 N\u1ed9i, Vi\u1ec7t Nam<\/li>\n<li><strong>\u0110i\u1ec7n tho\u1ea1i<\/strong>\uff1a0829-099-232<\/li>\n<\/ul>\n\t\t\n<style>\n#text-2719378539 {\n  font-size: 1rem;\n  text-align: left;\n}\n<\/style>\n\t<\/div>\n\t\n\t\t<\/div>\n\t\t\t\t\t<\/div>\n\n\t\n<\/div>\n\t\t<\/div>\n\n\t\t\n<style>\n#section_993532721 {\n  padding-top: 20px;\n  padding-bottom: 20px;\n}\n<\/style>\n\t<\/section>\n\t\n\t<section class=\"section\" id=\"section_387679944\">\n\t\t<div class=\"bg section-bg fill bg-fill  bg-loaded\" >\n\n\t\t\t\n\t\t\t\n\t\t\t\n\n\t\t<\/div>\n\n\t\t\n\n\t\t<div class=\"section-content relative\">\n\t\t\t\n<div class=\"row\"  id=\"row-860151142\">\n\n\t<div id=\"col-559829189\" class=\"col small-12 large-12\"  >\n\t\t\t\t<div class=\"col-inner\"  >\n\t\t\t\n\t\t\t\n    <section class=\"hib_why-choose\">\n\n        <!-- Header -->\n        <div class=\"hib_why-choose__header\">\n            <h2 class=\"hib_why-choose__title\">\u0110i\u1ec3m m\u1ea1nh c\u1ee7a HIB<\/h2>\n                    <\/div>\n\n        <!-- Feature cards grid -->\n        <div class=\"hib_why-choose__features\">\n                        <div class=\"hib_why-choose__card\">\n                <div class=\"hib_why-choose__card-icon\">\n                    <span class=\"material-symbols-outlined hib_icon\">handshake<\/span>\n                <\/div>\n                                <p class=\"hib_why-choose__card-text\">Th\u1ebf m\u1ea1nh c\u1ee7a ch\u00fang t\u00f4i n\u1eb1m \u1edf m\u1ed1i quan h\u1ec7 m\u1eadt thi\u1ebft v\u1edbi c\u00e1c c\u01a1 quan b\u1ed9 ng\u00e0nh t\u1ea1i Vi\u1ec7t Nam. B\u00ean c\u1ea1nh \u0111\u00f3, ch\u00fang t\u00f4i c\u00f2n x\u00e2y d\u1ef1ng \u0111\u01b0\u1ee3c m\u1ea1ng l\u01b0\u1edbi k\u1ebft n\u1ed1i v\u1eefng ch\u1eafc v\u1edbi c\u00e1c hi\u1ec7p h\u1ed9i doanh nghi\u1ec7p, c\u00e1c chuy\u00ean gia t\u01b0 v\u1ea5n v\u00e0 c\u1ed1 v\u1ea5n kinh doanh.<\/p>\n                            <\/div>\n                        <div class=\"hib_why-choose__card\">\n                <div class=\"hib_why-choose__card-icon\">\n                    <span class=\"material-symbols-outlined hib_icon\">hub<\/span>\n                <\/div>\n                                <p class=\"hib_why-choose__card-text\">B\u00ean c\u1ea1nh \u0111\u00f3, m\u1ed9t l\u1ee3i th\u1ebf l\u1edbn kh\u00e1c c\u1ee7a ch\u00fang t\u00f4i l\u00e0 \u0111\u00e3 x\u00e2y d\u1ef1ng \u0111\u01b0\u1ee3c h\u1ec7 th\u1ed1ng h\u1ee3p t\u00e1c ch\u1eb7t ch\u1ebd v\u1edbi c\u00e1c tr\u01b0\u1eddng cao \u0111\u1eb3ng k\u1ef9 thu\u1eadt, \u0111\u1ea1i h\u1ecdc v\u00e0 c\u00e1c c\u00f4ng ty ph\u00e1i c\u1eed t\u1ea1i Vi\u1ec7t Nam.<\/p>\n                            <\/div>\n                        <div class=\"hib_why-choose__card\">\n                <div class=\"hib_why-choose__card-icon\">\n                    <span class=\"material-symbols-outlined hib_icon\">school<\/span>\n                <\/div>\n                                <p class=\"hib_why-choose__card-text\">B\u1eb1ng c\u00e1ch t\u1eadn d\u1ee5ng m\u1ea1ng l\u01b0\u1edbi r\u1ed9ng kh\u1eafp n\u00e0y, ch\u00fang t\u00f4i c\u00f3 th\u1ec3 cung c\u1ea5p d\u1ecbch v\u1ee5 m\u1ed9t c\u00e1ch nhanh ch\u00f3ng v\u00e0 hi\u1ec7u qu\u1ea3 cho kh\u00e1ch h\u00e0ng, \u0111\u1ed3ng th\u1eddi h\u1ed7 tr\u1ee3 m\u1ea1nh m\u1ebd cho s\u1ef1 th\u00e0nh c\u00f4ng trong kinh doanh t\u1ea1i th\u1ecb tr\u01b0\u1eddng Vi\u1ec7t Nam.<\/p>\n                            <\/div>\n                    <\/div>\n\n    <\/section>\n    \n\t\t<\/div>\n\t\t\t\t\t<\/div>\n\n\t\n<\/div>\n\t\t<\/div>\n\n\t\t\n<style>\n#section_387679944 {\n  padding-top: 20px;\n  padding-bottom: 20px;\n}\n<\/style>\n\t<\/section>\n\t\n\n\t<section class=\"section\" id=\"section_639202282\">\n\t\t<div class=\"bg section-bg fill bg-fill  bg-loaded\" >\n\n\t\t\t\n\t\t\t\n\t\t\t\n\n\t\t<\/div>\n\n\t\t\n\n\t\t<div class=\"section-content relative\">\n\t\t\t\n<div class=\"row\"  id=\"row-613534797\">\n\n\t<div id=\"col-438063397\" class=\"col small-12 large-12\"  >\n\t\t\t\t<div class=\"col-inner\"  >\n\t\t\t\n\t\t\t\n\t<div id=\"text-2322666743\" class=\"text\">\n\t\t\n<h2>\u0110\u1ed1i t\u00e1c v\u00e0 kh\u00e1ch h\u00e0ng<\/h2>\n\t\t\n<style>\n#text-2322666743 {\n  font-size: 1.2rem;\n  text-align: center;\n}\n<\/style>\n\t<\/div>\n\t\n\t\t<\/div>\n\t\t\t\t\t<\/div>\n\n\t\n\n\t<div id=\"col-1901453402\" class=\"col small-12 large-12\"  >\n\t\t\t\t<div class=\"col-inner\"  >\n\t\t\t\n\t\t\t\n    <div class=\"partner-section\">\n\n        <!-- <h2 class=\"section-title\">\u30af\u30e9\u30a4\u30a2\u30f3\u30c8\u3068\u30d1\u30fc\u30c8\u30ca\u30fc\u30b7\u30c3\u30d7<\/h2> -->\n\n        <div class=\"slider-container\">\n            <div class=\"slider-track\">\n                <div class=\"partner-logo\"><img decoding=\"async\" src=\"https:\/\/hib-japan.com\/wp-content\/uploads\/2025\/06\/555.png\" alt=\"Partner Logo\" title=\"\"><\/div><div class=\"partner-logo\"><img decoding=\"async\" src=\"https:\/\/hib-japan.com\/wp-content\/uploads\/2025\/06\/777.png\" alt=\"Partner Logo\" title=\"\"><\/div><div class=\"partner-logo\"><img decoding=\"async\" src=\"https:\/\/hib-japan.com\/wp-content\/uploads\/2025\/06\/1111.png\" alt=\"Partner Logo\" title=\"\"><\/div><div class=\"partner-logo\"><img decoding=\"async\" src=\"https:\/\/hib-japan.com\/wp-content\/uploads\/2025\/06\/1666.png\" alt=\"Partner Logo\" title=\"\"><\/div><div class=\"partner-logo\"><img decoding=\"async\" src=\"https:\/\/hib-japan.com\/wp-content\/uploads\/2025\/06\/111.png\" alt=\"Partner Logo\" title=\"\"><\/div><div class=\"partner-logo\"><img decoding=\"async\" src=\"https:\/\/hib-japan.com\/wp-content\/uploads\/2025\/06\/222.png\" alt=\"Partner Logo\" title=\"\"><\/div><div class=\"partner-logo\"><img decoding=\"async\" src=\"https:\/\/hib-japan.com\/wp-content\/uploads\/2025\/06\/555.png\" alt=\"Partner Logo\" title=\"\"><\/div><div class=\"partner-logo\"><img decoding=\"async\" src=\"https:\/\/hib-japan.com\/wp-content\/uploads\/2025\/06\/777.png\" alt=\"Partner Logo\" title=\"\"><\/div><div class=\"partner-logo\"><img decoding=\"async\" src=\"https:\/\/hib-japan.com\/wp-content\/uploads\/2025\/06\/1111.png\" alt=\"Partner Logo\" title=\"\"><\/div><div class=\"partner-logo\"><img decoding=\"async\" src=\"https:\/\/hib-japan.com\/wp-content\/uploads\/2025\/06\/1666.png\" alt=\"Partner Logo\" title=\"\"><\/div><div class=\"partner-logo\"><img decoding=\"async\" src=\"https:\/\/hib-japan.com\/wp-content\/uploads\/2025\/06\/111.png\" alt=\"Partner Logo\" title=\"\"><\/div><div class=\"partner-logo\"><img decoding=\"async\" src=\"https:\/\/hib-japan.com\/wp-content\/uploads\/2025\/06\/222.png\" alt=\"Partner Logo\" title=\"\"><\/div>            <\/div>\n        <\/div>\n    <\/div>\n\n    <div class=\"partner-section\">\n\n        <!-- <h2 class=\"section-title\">\u30af\u30e9\u30a4\u30a2\u30f3\u30c8\u3068\u30d1\u30fc\u30c8\u30ca\u30fc\u30b7\u30c3\u30d7<\/h2> -->\n\n        <div class=\"slider-container\">\n            <div class=\"slider-track\">\n                <div class=\"partner-logo\"><img decoding=\"async\" src=\"https:\/\/hib-japan.com\/wp-content\/uploads\/2025\/06\/333.png\" alt=\"Partner Logo\" title=\"\"><\/div><div class=\"partner-logo\"><img decoding=\"async\" src=\"https:\/\/hib-japan.com\/wp-content\/uploads\/2025\/06\/444.png\" alt=\"Partner Logo\" title=\"\"><\/div><div class=\"partner-logo\"><img decoding=\"async\" src=\"https:\/\/hib-japan.com\/wp-content\/uploads\/2025\/06\/888.png\" alt=\"Partner Logo\" title=\"\"><\/div><div class=\"partner-logo\"><img decoding=\"async\" src=\"https:\/\/hib-japan.com\/wp-content\/uploads\/2025\/06\/122.png\" alt=\"Partner Logo\" title=\"\"><\/div><div class=\"partner-logo\"><img decoding=\"async\" src=\"https:\/\/hib-japan.com\/wp-content\/uploads\/2025\/06\/999.png\" alt=\"Partner Logo\" title=\"\"><\/div><div class=\"partner-logo\"><img decoding=\"async\" src=\"https:\/\/hib-japan.com\/wp-content\/uploads\/2025\/06\/133.png\" alt=\"Partner Logo\" title=\"\"><\/div><div class=\"partner-logo\"><img decoding=\"async\" src=\"https:\/\/hib-japan.com\/wp-content\/uploads\/2025\/06\/144.png\" alt=\"Partner Logo\" title=\"\"><\/div><div class=\"partner-logo\"><img decoding=\"async\" src=\"https:\/\/hib-japan.com\/wp-content\/uploads\/2025\/06\/155.png\" alt=\"Partner Logo\" title=\"\"><\/div><div class=\"partner-logo\"><img decoding=\"async\" src=\"https:\/\/hib-japan.com\/wp-content\/uploads\/2025\/06\/333.png\" alt=\"Partner Logo\" title=\"\"><\/div><div class=\"partner-logo\"><img decoding=\"async\" src=\"https:\/\/hib-japan.com\/wp-content\/uploads\/2025\/06\/444.png\" alt=\"Partner Logo\" title=\"\"><\/div><div class=\"partner-logo\"><img decoding=\"async\" src=\"https:\/\/hib-japan.com\/wp-content\/uploads\/2025\/06\/888.png\" alt=\"Partner Logo\" title=\"\"><\/div><div class=\"partner-logo\"><img decoding=\"async\" src=\"https:\/\/hib-japan.com\/wp-content\/uploads\/2025\/06\/122.png\" alt=\"Partner Logo\" title=\"\"><\/div><div class=\"partner-logo\"><img decoding=\"async\" src=\"https:\/\/hib-japan.com\/wp-content\/uploads\/2025\/06\/999.png\" alt=\"Partner Logo\" title=\"\"><\/div><div class=\"partner-logo\"><img decoding=\"async\" src=\"https:\/\/hib-japan.com\/wp-content\/uploads\/2025\/06\/133.png\" alt=\"Partner Logo\" title=\"\"><\/div><div class=\"partner-logo\"><img decoding=\"async\" src=\"https:\/\/hib-japan.com\/wp-content\/uploads\/2025\/06\/144.png\" alt=\"Partner Logo\" title=\"\"><\/div><div class=\"partner-logo\"><img decoding=\"async\" src=\"https:\/\/hib-japan.com\/wp-content\/uploads\/2025\/06\/155.png\" alt=\"Partner Logo\" title=\"\"><\/div>            <\/div>\n        <\/div>\n    <\/div>\n\n\t\t<\/div>\n\t\t\t\t\t<\/div>\n\n\t\n<\/div>\n\t\t<\/div>\n\n\t\t\n<style>\n#section_639202282 {\n  padding-top: 30px;\n  padding-bottom: 30px;\n}\n<\/style>\n\t<\/section>","protected":false},"excerpt":{"rendered":"","protected":false},"author":1,"featured_media":508,"parent":0,"menu_order":0,"comment_status":"closed","ping_status":"closed","template":"page-blank.php","meta":{"_acf_changed":false,"footnotes":""},"class_list":["post-240","page","type-page","status-publish","has-post-thumbnail","hentry"],"acf":[],"_links":{"self":[{"href":"https:\/\/hib-japan.com\/vi\/wp-json\/wp\/v2\/pages\/240","targetHints":{"allow":["GET"]}}],"collection":[{"href":"https:\/\/hib-japan.com\/vi\/wp-json\/wp\/v2\/pages"}],"about":[{"href":"https:\/\/hib-japan.com\/vi\/wp-json\/wp\/v2\/types\/page"}],"author":[{"embeddable":true,"href":"https:\/\/hib-japan.com\/vi\/wp-json\/wp\/v2\/users\/1"}],"replies":[{"embeddable":true,"href":"https:\/\/hib-japan.com\/vi\/wp-json\/wp\/v2\/comments?post=240"}],"version-history":[{"count":44,"href":"https:\/\/hib-japan.com\/vi\/wp-json\/wp\/v2\/pages\/240\/revisions"}],"predecessor-version":[{"id":652,"href":"https:\/\/hib-japan.com\/vi\/wp-json\/wp\/v2\/pages\/240\/revisions\/652"}],"wp:featuredmedia":[{"embeddable":true,"href":"https:\/\/hib-japan.com\/vi\/wp-json\/wp\/v2\/media\/508"}],"wp:attachment":[{"href":"https:\/\/hib-japan.com\/vi\/wp-json\/wp\/v2\/media?parent=240"}],"curies":[{"name":"wp","href":"https:\/\/api.w.org\/{rel}","templated":true}]}}