{"id":262,"date":"2025-06-09T14:18:24","date_gmt":"2025-06-09T14:18:24","guid":{"rendered":"https:\/\/hib-japan.com\/?page_id=262"},"modified":"2025-06-21T20:23:19","modified_gmt":"2025-06-21T13:23:19","slug":"lien-he","status":"publish","type":"page","link":"https:\/\/hib-japan.com\/vi\/lien-he\/","title":{"rendered":"Li\u00ean h\u1ec7"},"content":{"rendered":"\t<section class=\"section\" id=\"section_1746977505\">\n\t\t<div class=\"bg section-bg fill bg-fill  bg-loaded\" >\n\n\t\t\t\n\t\t\t\n\t\t\t\n\n\t\t<\/div>\n\n\t\t\n\n\t\t<div class=\"section-content relative\">\n\t\t\t\n<div class=\"row\"  id=\"row-1193153748\">\n\n\t<div id=\"col-1821198284\" class=\"col small-12 large-12\"  >\n\t\t\t\t<div class=\"col-inner\"  >\n\t\t\t\n\t\t\t\n    <div class=\"fs-container\">\n        <div class=\"fs-form-section\">\n            <div class=\"fs-header\">\n                <div class=\"start-conversation\">\u4f1a\u8a71\u3092\u59cb\u3081\u307e\u3057\u3087\u3046<\/div>\n                <h1>\u4eca\u3059\u3050\u304a\u554f\u3044\u5408\u308f\u305b\u304f\u3060\u3055\u3044<\/h1>\n                <p class=\"subtitle\">\u500b\u5225\u306e\u30a2\u30c9\u30d0\u30a4\u30b9\u304c\u5fc5\u8981\u3067\u3059\u304b\uff1f\u79c1\u305f\u3061\u306e\u5c02\u4efb\u30c1\u30fc\u30e0\u304c\u4e01\u5be7\u306b\u30b5\u30dd\u30fc\u30c8\u3044\u305f\u3057\u307e\u3059\u3002<\/p>\n            <\/div>\n\n            <div class=\"fs-form-wrapper\">\n                <div class=\"wpforms-container wpforms-container-full wpforms-render-modern\" id=\"wpforms-137\"><form id=\"wpforms-form-137\" class=\"wpforms-validate wpforms-form wpforms-ajax-form\" data-formid=\"137\" method=\"post\" enctype=\"multipart\/form-data\" action=\"\/vi\/wp-json\/wp\/v2\/pages\/262\"><noscript class=\"wpforms-error-noscript\">Vui l\u00f2ng b\u1eadt JavaScript trong tr\u00ecnh duy\u1ec7t c\u1ee7a b\u1ea1n \u0111\u1ec3 ho\u00e0n th\u00e0nh Form n\u00e0y.<\/noscript><div class=\"wpforms-hidden\" id=\"wpforms-error-noscript\">Vui l\u00f2ng b\u1eadt JavaScript trong tr\u00ecnh duy\u1ec7t c\u1ee7a b\u1ea1n \u0111\u1ec3 ho\u00e0n th\u00e0nh Form n\u00e0y.<\/div><div class=\"wpforms-field-container\"><div id=\"wpforms-137-field_1-container\" class=\"wpforms-field wpforms-field-layout\" data-field-id=\"1\"><label class=\"wpforms-field-label wpforms-label-hide\" for=\"wpforms-137-field_1\" aria-hidden=\"false\">Layout<\/label><div class=\"wpforms-field-layout-columns wpforms-field-layout-preset-50-50\"><div class=\"wpforms-layout-column wpforms-layout-column-50\"><div id=\"wpforms-137-field_3-container\" class=\"wpforms-field wpforms-field-name\" data-field-id=\"3\"><label class=\"wpforms-field-label\" for=\"wpforms-137-field_3\">\u304a\u540d\u524d <span class=\"wpforms-required-label\" aria-hidden=\"true\">*<\/span><\/label><input type=\"text\" id=\"wpforms-137-field_3\" class=\"wpforms-field-medium wpforms-field-required\" name=\"wpforms[fields][3]\" placeholder=\"\u304a\u540d\u524d\" aria-errormessage=\"wpforms-137-field_3-error\" required><\/div><div id=\"wpforms-137-field_5-container\" class=\"wpforms-field wpforms-field-phone\" data-field-id=\"5\"><label class=\"wpforms-field-label\" for=\"wpforms-137-field_5\">\u96fb\u8a71\u756a\u53f7 <span class=\"wpforms-required-label\" aria-hidden=\"true\">*<\/span><\/label><input type=\"tel\" id=\"wpforms-137-field_5\" class=\"wpforms-field-medium wpforms-field-required\" data-rule-int-phone-field=\"true\" name=\"wpforms[fields][5]\" placeholder=\"\u96fb\u8a71\u756a\u53f7\" aria-errormessage=\"wpforms-137-field_5-error\" required><\/div><\/div><div class=\"wpforms-layout-column wpforms-layout-column-50\"><div id=\"wpforms-137-field_4-container\" class=\"wpforms-field wpforms-field-email\" data-field-id=\"4\"><label class=\"wpforms-field-label\" for=\"wpforms-137-field_4\">\u30e1\u30fc\u30eb\u30a2\u30c9\u30ec\u30b9 <span class=\"wpforms-required-label\" aria-hidden=\"true\">*<\/span><\/label><input type=\"email\" id=\"wpforms-137-field_4\" class=\"wpforms-field-medium wpforms-field-required\" name=\"wpforms[fields][4]\" placeholder=\"\u30e1\u30fc\u30eb\u30a2\u30c9\u30ec\u30b9\" spellcheck=\"false\" aria-errormessage=\"wpforms-137-field_4-error\" required><\/div><div id=\"wpforms-137-field_6-container\" class=\"wpforms-field wpforms-field-text\" data-field-id=\"6\"><label class=\"wpforms-field-label\" for=\"wpforms-137-field_6\">\u4ef6\u540d <span class=\"wpforms-required-label\" aria-hidden=\"true\">*<\/span><\/label><input type=\"text\" id=\"wpforms-137-field_6\" class=\"wpforms-field-medium wpforms-field-required\" name=\"wpforms[fields][6]\" placeholder=\"\u4ef6\u540d\" aria-errormessage=\"wpforms-137-field_6-error\" required><\/div><\/div><\/div><\/div><div id=\"wpforms-137-field_7-container\" class=\"wpforms-field wpforms-field-textarea\" data-field-id=\"7\"><label class=\"wpforms-field-label\" for=\"wpforms-137-field_7\">\u30e1\u30c3\u30bb\u30fc\u30b8<\/label><textarea id=\"wpforms-137-field_7\" class=\"wpforms-field-medium\" name=\"wpforms[fields][7]\" placeholder=\"\u30e1\u30c3\u30bb\u30fc\u30b8\" aria-errormessage=\"wpforms-137-field_7-error\" ><\/textarea><\/div><\/div><!-- .wpforms-field-container --><div class=\"wpforms-submit-container\" ><input type=\"hidden\" name=\"wpforms[id]\" value=\"137\"><input type=\"hidden\" name=\"wpforms[author]\" value=\"1\"><input type=\"hidden\" class=\"wpforms-token\" name=\"wpforms[token]\" value=\"02616a4d1c5ce5bcd8286836de10f247\" \/><button type=\"submit\" name=\"wpforms[submit]\" id=\"wpforms-submit-137\" class=\"wpforms-submit\" data-alt-text=\"Sending...\" data-submit-text=\"\u4eca\u3059\u3050\u9001\u4fe1\" aria-live=\"assertive\" value=\"wpforms-submit\">\u4eca\u3059\u3050\u9001\u4fe1<\/button><img loading=\"lazy\" decoding=\"async\" src=\"https:\/\/hib-japan.com\/wp-content\/plugins\/wpforms\/assets\/images\/submit-spin.svg\" class=\"wpforms-submit-spinner\" style=\"display: none;\" width=\"26\" height=\"26\" alt=\"\u0110ang t\u1ea3i\" title=\"\"><\/div><\/form><\/div>  <!-- .wpforms-container -->            <\/div>\n        <\/div>\n\n        <div class=\"contact-info\">\n            <div class=\"contact-details\">\n                <div class=\"contact-item\">\n                    <div class=\"contact-icon\">\n                        <svg xmlns=\"http:\/\/www.w3.org\/2000\/svg\" width=\"24\" height=\"24\" viewBox=\"0 0 24 24\">\n                            <g fill=\"none\" stroke=\"#fff\" stroke-linecap=\"round\" stroke-linejoin=\"round\" stroke-width=\"2\">\n                                <path stroke-dasharray=\"64\" stroke-dashoffset=\"64\" d=\"M4 5h16c0.55 0 1 0.45 1 1v12c0 0.55 -0.45 1 -1 1h-16c-0.55 0 -1 -0.45 -1 -1v-12c0 -0.55 0.45 -1 1 -1Z\">\n                                    <animate fill=\"freeze\" attributeName=\"stroke-dashoffset\" dur=\"0.6s\" values=\"64;0\" \/>\n                                <\/path>\n                                <path stroke-dasharray=\"24\" stroke-dashoffset=\"24\" d=\"M3 6.5l9 5.5l9 -5.5\">\n                                    <animate fill=\"freeze\" attributeName=\"stroke-dashoffset\" begin=\"0.6s\" dur=\"0.2s\" values=\"24;0\" \/>\n                                <\/path>\n                            <\/g>\n                        <\/svg>\n                    <\/div>\n                    <div class=\"contact-title\">\u30e1\u30fc\u30eb\u30a2\u30c9\u30ec\u30b9<\/div>\n                    <div class=\"contact-content\">hibjapan@gmail.com<\/div>\n                <\/div>\n                <div class=\"contact-item\">\n                    <div class=\"contact-icon\">\n                        <svg xmlns=\"http:\/\/www.w3.org\/2000\/svg\" width=\"24\" height=\"24\" viewBox=\"0 0 24 24\">\n                            <g fill=\"none\" stroke=\"#fff\" stroke-linecap=\"round\" stroke-linejoin=\"round\" stroke-width=\"2\">\n                                <path stroke-dasharray=\"64\" stroke-dashoffset=\"64\" d=\"M8 3c0.5 0 2.5 4.5 2.5 5c0 1 -1.5 2 -2 3c-0.5 1 0.5 2 1.5 3c0.39 0.39 2 2 3 1.5c1 -0.5 2 -2 3 -2c0.5 0 5 2 5 2.5c0 2 -1.5 3.5 -3 4c-1.5 0.5 -2.5 0.5 -4.5 0c-2 -0.5 -3.5 -1 -6 -3.5c-2.5 -2.5 -3 -4 -3.5 -6c-0.5 -2 -0.5 -3 0 -4.5c0.5 -1.5 2 -3 4 -3Z\">\n                                    <animate fill=\"freeze\" attributeName=\"stroke-dashoffset\" dur=\"0.6s\" values=\"64;0\" \/>\n                                    <animateTransform id=\"lineMdPhoneCallLoop0\" fill=\"freeze\" attributeName=\"transform\" begin=\"0.6s;lineMdPhoneCallLoop0.begin+2.7s\" dur=\"0.5s\" type=\"rotate\" values=\"0 12 12;15 12 12;0 12 12;-12 12 12;0 12 12;12 12 12;0 12 12;-15 12 12;0 12 12\" \/>\n                                <\/path>\n                                <path stroke-dasharray=\"4\" stroke-dashoffset=\"4\" d=\"M15.76 8.28c-0.5 -0.51 -1.1 -0.93 -1.76 -1.24M15.76 8.28c0.49 0.49 0.9 1.08 1.2 1.72\">\n                                    <animate fill=\"freeze\" attributeName=\"stroke-dashoffset\" begin=\"lineMdPhoneCallLoop0.begin+0s\" dur=\"2.7s\" keyTimes=\"0;0.111;0.259;0.37;1\" values=\"4;0;0;4;4\" \/>\n                                <\/path>\n                                <path stroke-dasharray=\"6\" stroke-dashoffset=\"6\" d=\"M18.67 5.35c-1 -1 -2.26 -1.73 -3.67 -2.1M18.67 5.35c0.99 1 1.72 2.25 2.08 3.65\">\n                                    <animate fill=\"freeze\" attributeName=\"stroke-dashoffset\" begin=\"lineMdPhoneCallLoop0.begin+0.2s\" dur=\"2.7s\" keyTimes=\"0;0.074;0.185;0.333;0.444;1\" values=\"6;6;0;0;6;6\" \/>\n                                <\/path>\n                            <\/g>\n                        <\/svg>\n                    <\/div>\n                    <div class=\"contact-title\">\u96fb\u8a71\u756a\u53f7<\/div>\n                    <div class=\"contact-content\">0829-099-232<\/div>\n                <\/div>\n                <div class=\"contact-item\">\n                    <div class=\"contact-icon\">\n                        <svg xmlns=\"http:\/\/www.w3.org\/2000\/svg\" width=\"24\" height=\"24\" viewBox=\"0 0 24 24\">\n                            <circle cx=\"12\" cy=\"12\" r=\"0\" fill=\"#fff\">\n                                <animate fill=\"freeze\" attributeName=\"r\" begin=\"0.7s\" dur=\"0.2s\" values=\"0;4\" \/>\n                            <\/circle>\n                            <g fill=\"none\" stroke=\"#fff\" stroke-linecap=\"round\" stroke-linejoin=\"round\" stroke-width=\"2\">\n                                <path stroke-dasharray=\"56\" stroke-dashoffset=\"56\" d=\"M12 4c4.42 0 8 3.58 8 8c0 4.42 -3.58 8 -8 8c-4.42 0 -8 -3.58 -8 -8c0 -4.42 3.58 -8 8 -8Z\">\n                                    <animate fill=\"freeze\" attributeName=\"stroke-dashoffset\" dur=\"0.6s\" values=\"56;0\" \/>\n                                <\/path>\n                                <path stroke-dasharray=\"4\" stroke-dashoffset=\"4\" d=\"M12 4v0M20 12h0M12 20v0M4 12h0\" opacity=\"0\">\n                                    <animate fill=\"freeze\" attributeName=\"d\" begin=\"1s\" dur=\"0.2s\" values=\"M12 4v0M20 12h0M12 20v0M4 12h0;M12 4v-2M20 12h2M12 20v2M4 12h-2\" \/>\n                                    <animate fill=\"freeze\" attributeName=\"stroke-dashoffset\" begin=\"1s\" dur=\"0.2s\" values=\"4;0\" \/>\n                                    <set fill=\"freeze\" attributeName=\"opacity\" begin=\"1s\" to=\"1\" \/>\n                                    <animateTransform attributeName=\"transform\" dur=\"30s\" repeatCount=\"indefinite\" type=\"rotate\" values=\"0 12 12;360 12 12\" \/>\n                                <\/path>\n                            <\/g>\n                        <\/svg>\n                    <\/div>\n                    <div class=\"contact-title\">\u4f4f\u6240<\/div>\n                    <div class=\"contact-content\">\u5e83\u5cf6\u770c\u5e83\u5cf6\u5e02\u4e2d\u533a\u9244\u7832\u753a6-7<\/div>\n                <\/div>\n            <\/div>\n        <\/div>\n    <\/div>\n\n\t\t<\/div>\n\t\t\t\t\t<\/div>\n\n\t\n\n\t<div id=\"col-503713588\" class=\"col small-12 large-12\"  >\n\t\t\t\t<div class=\"col-inner\"  >\n\t\t\t\n\t\t\t\n\n<p><iframe src=\"https:\/\/www.google.com\/maps\/embed?pb=!1m18!1m12!1m3!1d3292.232922955381!2d132.46256687549862!3d34.39542517302968!2m3!1f0!2f0!3f0!3m2!1i1024!2i768!4f13.1!3m3!1m2!1s0x355aa20709f6ddb1%3A0xa7694a8c8b04d069!2zNi03IFRlcHDFjWNoxY0sIE5ha2EgV2FyZCwgSGlyb3NoaW1hLCA3MzAtMDAxNywgTmjhuq10IELhuqNu!5e0!3m2!1svi!2s!4v1749869041374!5m2!1svi!2s\" width=\"100%\" height=\"450\" style=\"border:0;\" allowfullscreen=\"\" loading=\"lazy\" referrerpolicy=\"no-referrer-when-downgrade\"><\/iframe><br \/>\n\n\t\t<\/div>\n\t\t\t\t\t<\/div>\n\n\t\n<\/div>\n\t\t<\/div>\n\n\t\t\n<style>\n#section_1746977505 {\n  padding-top: 30px;\n  padding-bottom: 30px;\n}\n<\/style>\n\t<\/section>\n\t\n","protected":false},"excerpt":{"rendered":"","protected":false},"author":1,"featured_media":59,"parent":0,"menu_order":0,"comment_status":"closed","ping_status":"closed","template":"page-blank.php","meta":{"_acf_changed":false,"footnotes":""},"class_list":["post-262","page","type-page","status-publish","has-post-thumbnail","hentry"],"acf":[],"_links":{"self":[{"href":"https:\/\/hib-japan.com\/vi\/wp-json\/wp\/v2\/pages\/262","targetHints":{"allow":["GET"]}}],"collection":[{"href":"https:\/\/hib-japan.com\/vi\/wp-json\/wp\/v2\/pages"}],"about":[{"href":"https:\/\/hib-japan.com\/vi\/wp-json\/wp\/v2\/types\/page"}],"author":[{"embeddable":true,"href":"https:\/\/hib-japan.com\/vi\/wp-json\/wp\/v2\/users\/1"}],"replies":[{"embeddable":true,"href":"https:\/\/hib-japan.com\/vi\/wp-json\/wp\/v2\/comments?post=262"}],"version-history":[{"count":15,"href":"https:\/\/hib-japan.com\/vi\/wp-json\/wp\/v2\/pages\/262\/revisions"}],"predecessor-version":[{"id":596,"href":"https:\/\/hib-japan.com\/vi\/wp-json\/wp\/v2\/pages\/262\/revisions\/596"}],"wp:featuredmedia":[{"embeddable":true,"href":"https:\/\/hib-japan.com\/vi\/wp-json\/wp\/v2\/media\/59"}],"wp:attachment":[{"href":"https:\/\/hib-japan.com\/vi\/wp-json\/wp\/v2\/media?parent=262"}],"curies":[{"name":"wp","href":"https:\/\/api.w.org\/{rel}","templated":true}]}}